{"id":5587,"date":"2022-07-27T13:31:09","date_gmt":"2022-07-27T13:31:09","guid":{"rendered":"https:\/\/www.hig.eu\/signage-illuminated-advertising\/"},"modified":"2025-07-09T07:31:42","modified_gmt":"2025-07-09T07:31:42","slug":"signage-illuminated-advertising","status":"publish","type":"page","link":"https:\/\/www.hig.eu\/en\/signage-illuminated-advertising\/","title":{"rendered":"Signage &amp; Illuminated Advertising"},"content":{"rendered":"\n\n\n\n\n\n\n\n\n\n\n\n\n\n\n\n\n\n\n\n\n\n\n\n\n\n\n\n\n\n\n\n                \n        \n\n                    <div class=\"ce ce-cols ce-cols--3\n         ce--mb-medium                          ce--sp-xsmall          ce--full\n             js-bgcontainer u-bg-cc  \" id=\"block_0f6152f3124f37542a2a7ff4a9eac85d\">\n                                        <figure data-animation=\"true\" data-animation-duration=\"300\">\n    <picture>\n        <source media=\"(min-width: 1440px)\" srcset=\"https:\/\/www.hig.eu\/wp-content\/uploads\/2022\/08\/Hintergrund-Carousel_1820x885px-1920x0-c-default.jpg\">\n        <source media=\"(min-width: 1200px)\" srcset=\"https:\/\/www.hig.eu\/wp-content\/uploads\/2022\/08\/Hintergrund-Carousel_1820x885px-1440x0-c-default.jpg\">\n        <source media=\"(min-width: 992px)\" srcset=\"https:\/\/www.hig.eu\/wp-content\/uploads\/2022\/08\/Hintergrund-Carousel_1820x885px-1200x0-c-default.jpg\">\n        <source media=\"(min-width: 768px)\" srcset=\"https:\/\/www.hig.eu\/wp-content\/uploads\/2022\/08\/Hintergrund-Carousel_1820x885px-992x0-c-default.jpg\">\n        <source media=\"(min-width: 576px)\" srcset=\"https:\/\/www.hig.eu\/wp-content\/uploads\/2022\/08\/Hintergrund-Carousel_1820x885px-768x0-c-default.jpg\">\n        <source media=\"(min-width: 320px)\" srcset=\"https:\/\/www.hig.eu\/wp-content\/uploads\/2022\/08\/Hintergrund-Carousel_1820x885px-576x0-c-default.jpg\">\n        <source srcset=\"https:\/\/www.hig.eu\/wp-content\/uploads\/2022\/08\/Hintergrund-Carousel_1820x885px-320x0-c-default.jpg\">\n        <img loading=\"lazy\" decoding=\"async\" src=\"https:\/\/www.hig.eu\/wp-content\/uploads\/2022\/08\/Hintergrund-Carousel_1820x885px-1440x0-c-default.jpg\" width=\"1821\"\n             height=\"885\" class=\"img-fluid w-100 js-bgimage\">\n    <\/picture>\n<\/figure>\n                                <div class=\"container-fluid\">\n                    <div class=\"row\">\n    <div class=\"ce-text__text col-12 col-md-12 col-xl-12 mx-auto text-left\">\n        <div class=\"ce-textblock\" data-animation=\"true\" data-animation-duration=\"300\">\n            <div class=\"ce-textblock__text\">\n                                                <h2 class=\"h3\">Our product portfolio for your signage project: <\/ h2 >\n                            <\/div>\n        <\/div>\n    <\/div>\n<\/div>\n                    <div class=\"row\">\n                        <div class=\"col-12 col-lg-4 \">\n                            <!--HIER DIE SCHLEIFE MIT DEM CONTENT SPALTE 1-->\n                                                                                                                            \n\n\n\n\n\n\n\n\n\n\n\n\n\n\n\n\n\n\n\n\n\n\n\n\n\n\n\n\n\n\n                                            \n                    \n        \n        \n        \n    \n\n                    \n    \n                    \n            <div class=\"ce ce-text\n                                        \"\n             id=\"block_0f6152f3124f37542a2a7ff4a9eac85d\">\n                                        <div class=\"row\">\n                    <div class=\"col-12 col-md-12 col-xl-12  text-left\">\n                        <div class=\"ce-textblock u-animated\" data-animation=\"true\" data-animation-duration=\"300\">\n    <div class=\"ce-textblock__text\">\n                        <p><strong>Illuminated advertising<\/strong><\/p>\n<ul>\n<li>Illuminated letters and signs<\/li>\n<li>Citylights &#8211; Multipromo<\/li>\n<li>Entrances and portals<\/li>\n<li>Pylons and advertising towers<\/li>\n<li>Illuminated flags<\/li>\n<li>Videowalls<\/li>\n<li>Digital Signage<\/li>\n<li>Control<\/li>\n<\/ul>\n\n    <\/div>\n<\/div>\n                    <\/div>\n                <\/div>\n                        <\/div>\n    \n                                                                    \n                        <\/div>\n                        <div class=\"col-12 col-lg-4 \">\n                            <!--HIER DIE SCHLEIFE MIT DEM CONTENT SPALTE 2-->\n                                                                                                                            \n\n\n\n\n\n\n\n\n\n\n\n\n\n\n\n\n\n\n\n\n\n\n\n\n\n\n\n\n\n\n                                            \n                    \n        \n        \n        \n    \n\n                    \n    \n                    \n            <div class=\"ce ce-text\n                                        \"\n             id=\"block_0f6152f3124f37542a2a7ff4a9eac85d\">\n                                        <div class=\"row\">\n                    <div class=\"col-12 col-md-12 col-xl-12  text-left\">\n                        <div class=\"ce-textblock u-animated\" data-animation=\"true\" data-animation-duration=\"300\">\n    <div class=\"ce-textblock__text\">\n                        <p><strong>Signage<\/strong><\/p>\n<ul>\n<li>Wrapping<\/li>\n<li>Banners<\/li>\n<li>Vehicle wrapping<\/li>\n<li>Advertising signs<\/li>\n<li>Digital printing<\/li>\n<\/ul>\n\n    <\/div>\n<\/div>\n                    <\/div>\n                <\/div>\n                        <\/div>\n    \n                                                                                            <\/div>\n                        <div class=\"col-12 col-lg-4 \">\n                            <!--HIER DIE SCHLEIFE MIT DEM CONTENT SPALTE 2-->\n                                                                                                                            \n\n\n\n\n\n\n\n\n\n\n\n\n\n\n\n\n\n\n\n\n\n\n\n\n\n\n\n\n\n\n                                            \n                    \n        \n        \n        \n    \n\n                    \n    \n                    \n            <div class=\"ce ce-text\n                                        \"\n             id=\"block_0f6152f3124f37542a2a7ff4a9eac85d\">\n                                        <div class=\"row\">\n                    <div class=\"col-12 col-md-12 col-xl-12  text-left\">\n                        <div class=\"ce-textblock u-animated\" data-animation=\"true\" data-animation-duration=\"300\">\n    <div class=\"ce-textblock__text\">\n                        <p><strong>Guidance and orientation systems<\/strong><\/p>\n<ul>\n<li>Static and digital indoor and outdoor solutions<\/li>\n<\/ul>\n\n    <\/div>\n<\/div>\n                    <\/div>\n                <\/div>\n                        <\/div>\n    \n                                                                                            <\/div>\n                    <\/div>\n                <\/div>\n            <\/div>\n                    \n\n\n\n\n\n\n\n\n\n\n\n\n\n\n\n\n\n\n\n\n\n\n\n\n\n\n\n\n\n\n\n\n\n                    \n            <div class=\"ce ce-text\n         ce--mb-xsmall                                 \"\n             id=\"block_6df0aa13b546e17e46631d8b94dfb492\">\n                                    <div class=\"container-fluid\">\n                                <div class=\"row\">\n                    <div class=\"col-12 col-md-12 col-xl-12 mx-auto text-left\">\n                        <div class=\"ce-textblock u-animated\" data-animation=\"true\" data-animation-duration=\"300\">\n    <div class=\"ce-textblock__text\">\n                            <h2 class=\"h4\"> Explore our diverse reference projects in the signage segment, and find the light for your business!  <\/h2>\n                <p>ngg_shortcode_0_placeholder<\/p>\n\n    <\/div>\n<\/div>\n                    <\/div>\n                <\/div>\n                            <\/div>\n                    <\/div>\n    \n        \n\n\n\n\n\n\n\n\n\n\n\n\n\n\n\n\n\n\n\n\n\n\n\n\n\n\n\n\n\n\n\n\n\n    \n    \n                        \n        <div class=\"ce ce-promotionteaser  ce--mb-0  ce--full u-bgColor-lightgrey\" id=\"block_29d8935529daa3501f29f42d7b057dcd\">\n            <div class=\"container-fluid\">\n                <div class=\"row align-items-center\">\n                                        <div class=\"col-6 col-md-2 offset-lg-1\">\n                        <figure class=\"mb-md-0\" data-animation=\"true\" data-animation-duration=\"300\">\n                            <picture>\n                                <img data-src=\"https:\/\/www.hig.eu\/wp-content\/uploads\/2022\/11\/Huber_Logo_kl_020822-150x0-c-default.png\" alt=\"\" title=\"Huber Logo Kl 020822\" width=\"\" height=\"\" class=\"ce-promotionteaser__icon w-100 img-fluid\" loading=\"lazy\">\n                            <\/picture>\n                        <\/figure>\n                    <\/div>\n                                        <div class=\"col-12 col-md-6 col-lg-4\">\n                        <div class=\"ce-textblock\" data-animation=\"true\" data-animation-duration=\"300\">\n                            <div class=\"ce-textblock__text\">\n                                                                    <h5 class=\"ce-promotionteaser__text__item\">Our signs are strong statements and bring light into darkness. Visit us and see for yourself!<\/h5>\n                                                                                             <\/div>\n                        <\/div>\n                    <\/div>\n                                        <div class=\"col-12 col-md-4\">\n                        <div class=\"d-flex text-center h-100\">\n                            <a href=\"https:\/\/www.huber-signage.eu\/en\/\" title=\"Go to HUBER Signage website\" target=\"\" class=\"btn btn--primary m-0\">Go to HUBER Signage website<\/a>\n                        <\/div>\n                    <\/div>\n                                    <\/div>\n            <\/div>\n        <\/div>\n\n\n    \n        ","protected":false},"excerpt":{"rendered":"","protected":false},"author":31,"featured_media":3104,"parent":0,"menu_order":0,"comment_status":"closed","ping_status":"closed","template":"","meta":{"_acf_changed":false,"ngg_post_thumbnail":0,"footnotes":""},"class_list":["post-5587","page","type-page","status-publish","has-post-thumbnail","hentry"],"acf":[],"yoast_head":"<!-- This site is optimized with the Yoast SEO plugin v27.6 - https:\/\/yoast.com\/product\/yoast-seo-wordpress\/ -->\n<title>Signage &amp; Illuminated Advertising - Huber Infomotion<\/title>\n<meta name=\"description\" content=\"Pionier und Marktf\u00fchrer bei Lichtwerbung, von der einzelnen Produktl\u00f6sung zur umfassenden Gesamtl\u00f6sung, Unternehmen der HIG Infomotion Group\" \/>\n<meta name=\"robots\" content=\"index, follow, max-snippet:-1, max-image-preview:large, max-video-preview:-1\" \/>\n<link rel=\"canonical\" href=\"https:\/\/www.hig.eu\/en\/signage-illuminated-advertising\/\" \/>\n<meta property=\"og:locale\" content=\"en_US\" \/>\n<meta property=\"og:type\" content=\"article\" \/>\n<meta property=\"og:title\" content=\"Signage &amp; Illuminated Advertising - Huber Infomotion\" \/>\n<meta property=\"og:description\" content=\"Pionier und Marktf\u00fchrer bei Lichtwerbung, von der einzelnen Produktl\u00f6sung zur umfassenden Gesamtl\u00f6sung, Unternehmen der HIG Infomotion Group\" \/>\n<meta property=\"og:url\" content=\"https:\/\/www.hig.eu\/en\/signage-illuminated-advertising\/\" \/>\n<meta property=\"og:site_name\" content=\"Huber Infomotion\" \/>\n<meta property=\"article:modified_time\" content=\"2025-07-09T07:31:42+00:00\" \/>\n<meta property=\"og:image\" content=\"https:\/\/www.hig.eu\/wp-content\/uploads\/2022\/08\/HUBER-Keyvisuals_24.08-1-1024x614.jpg\" \/>\n\t<meta property=\"og:image:width\" content=\"1024\" \/>\n\t<meta property=\"og:image:height\" content=\"614\" \/>\n\t<meta property=\"og:image:type\" content=\"image\/jpeg\" \/>\n<meta name=\"twitter:card\" content=\"summary_large_image\" \/>\n<meta name=\"twitter:label1\" content=\"Est. reading time\" \/>\n\t<meta name=\"twitter:data1\" content=\"2 minutes\" \/>\n<script type=\"application\/ld+json\" class=\"yoast-schema-graph\">{\"@context\":\"https:\\\/\\\/schema.org\",\"@graph\":[{\"@type\":\"WebPage\",\"@id\":\"https:\\\/\\\/www.hig.eu\\\/en\\\/signage-illuminated-advertising\\\/\",\"url\":\"https:\\\/\\\/www.hig.eu\\\/en\\\/signage-illuminated-advertising\\\/\",\"name\":\"Signage &amp; Illuminated Advertising - Huber Infomotion\",\"isPartOf\":{\"@id\":\"https:\\\/\\\/www.hig.eu\\\/en\\\/#website\"},\"primaryImageOfPage\":{\"@id\":\"https:\\\/\\\/www.hig.eu\\\/en\\\/signage-illuminated-advertising\\\/#primaryimage\"},\"image\":{\"@id\":\"https:\\\/\\\/www.hig.eu\\\/en\\\/signage-illuminated-advertising\\\/#primaryimage\"},\"thumbnailUrl\":\"https:\\\/\\\/www.hig.eu\\\/wp-content\\\/uploads\\\/2022\\\/08\\\/HUBER-Keyvisuals_24.08-1.jpg\",\"datePublished\":\"2022-07-27T13:31:09+00:00\",\"dateModified\":\"2025-07-09T07:31:42+00:00\",\"description\":\"Pionier und Marktf\u00fchrer bei Lichtwerbung, von der einzelnen Produktl\u00f6sung zur umfassenden Gesamtl\u00f6sung, Unternehmen der HIG Infomotion Group\",\"breadcrumb\":{\"@id\":\"https:\\\/\\\/www.hig.eu\\\/en\\\/signage-illuminated-advertising\\\/#breadcrumb\"},\"inLanguage\":\"en-US\",\"potentialAction\":[{\"@type\":\"ReadAction\",\"target\":[\"https:\\\/\\\/www.hig.eu\\\/en\\\/signage-illuminated-advertising\\\/\"]}]},{\"@type\":\"ImageObject\",\"inLanguage\":\"en-US\",\"@id\":\"https:\\\/\\\/www.hig.eu\\\/en\\\/signage-illuminated-advertising\\\/#primaryimage\",\"url\":\"https:\\\/\\\/www.hig.eu\\\/wp-content\\\/uploads\\\/2022\\\/08\\\/HUBER-Keyvisuals_24.08-1.jpg\",\"contentUrl\":\"https:\\\/\\\/www.hig.eu\\\/wp-content\\\/uploads\\\/2022\\\/08\\\/HUBER-Keyvisuals_24.08-1.jpg\",\"width\":2480,\"height\":1488},{\"@type\":\"BreadcrumbList\",\"@id\":\"https:\\\/\\\/www.hig.eu\\\/en\\\/signage-illuminated-advertising\\\/#breadcrumb\",\"itemListElement\":[{\"@type\":\"ListItem\",\"position\":1,\"name\":\"Startseite\",\"item\":\"https:\\\/\\\/www.hig.eu\\\/en\\\/\"},{\"@type\":\"ListItem\",\"position\":2,\"name\":\"Signage &amp; Illuminated Advertising\"}]},{\"@type\":\"WebSite\",\"@id\":\"https:\\\/\\\/www.hig.eu\\\/en\\\/#website\",\"url\":\"https:\\\/\\\/www.hig.eu\\\/en\\\/\",\"name\":\"Huber Infomotion\",\"description\":\"\",\"potentialAction\":[{\"@type\":\"SearchAction\",\"target\":{\"@type\":\"EntryPoint\",\"urlTemplate\":\"https:\\\/\\\/www.hig.eu\\\/en\\\/?s={search_term_string}\"},\"query-input\":{\"@type\":\"PropertyValueSpecification\",\"valueRequired\":true,\"valueName\":\"search_term_string\"}}],\"inLanguage\":\"en-US\"}]}<\/script>\n<!-- \/ Yoast SEO plugin. -->","yoast_head_json":{"title":"Signage &amp; Illuminated Advertising - Huber Infomotion","description":"Pionier und Marktf\u00fchrer bei Lichtwerbung, von der einzelnen Produktl\u00f6sung zur umfassenden Gesamtl\u00f6sung, Unternehmen der HIG Infomotion Group","robots":{"index":"index","follow":"follow","max-snippet":"max-snippet:-1","max-image-preview":"max-image-preview:large","max-video-preview":"max-video-preview:-1"},"canonical":"https:\/\/www.hig.eu\/en\/signage-illuminated-advertising\/","og_locale":"en_US","og_type":"article","og_title":"Signage &amp; Illuminated Advertising - Huber Infomotion","og_description":"Pionier und Marktf\u00fchrer bei Lichtwerbung, von der einzelnen Produktl\u00f6sung zur umfassenden Gesamtl\u00f6sung, Unternehmen der HIG Infomotion Group","og_url":"https:\/\/www.hig.eu\/en\/signage-illuminated-advertising\/","og_site_name":"Huber Infomotion","article_modified_time":"2025-07-09T07:31:42+00:00","og_image":[{"width":1024,"height":614,"url":"https:\/\/www.hig.eu\/wp-content\/uploads\/2022\/08\/HUBER-Keyvisuals_24.08-1-1024x614.jpg","type":"image\/jpeg"}],"twitter_card":"summary_large_image","twitter_misc":{"Est. reading time":"2 minutes"},"schema":{"@context":"https:\/\/schema.org","@graph":[{"@type":"WebPage","@id":"https:\/\/www.hig.eu\/en\/signage-illuminated-advertising\/","url":"https:\/\/www.hig.eu\/en\/signage-illuminated-advertising\/","name":"Signage &amp; Illuminated Advertising - Huber Infomotion","isPartOf":{"@id":"https:\/\/www.hig.eu\/en\/#website"},"primaryImageOfPage":{"@id":"https:\/\/www.hig.eu\/en\/signage-illuminated-advertising\/#primaryimage"},"image":{"@id":"https:\/\/www.hig.eu\/en\/signage-illuminated-advertising\/#primaryimage"},"thumbnailUrl":"https:\/\/www.hig.eu\/wp-content\/uploads\/2022\/08\/HUBER-Keyvisuals_24.08-1.jpg","datePublished":"2022-07-27T13:31:09+00:00","dateModified":"2025-07-09T07:31:42+00:00","description":"Pionier und Marktf\u00fchrer bei Lichtwerbung, von der einzelnen Produktl\u00f6sung zur umfassenden Gesamtl\u00f6sung, Unternehmen der HIG Infomotion Group","breadcrumb":{"@id":"https:\/\/www.hig.eu\/en\/signage-illuminated-advertising\/#breadcrumb"},"inLanguage":"en-US","potentialAction":[{"@type":"ReadAction","target":["https:\/\/www.hig.eu\/en\/signage-illuminated-advertising\/"]}]},{"@type":"ImageObject","inLanguage":"en-US","@id":"https:\/\/www.hig.eu\/en\/signage-illuminated-advertising\/#primaryimage","url":"https:\/\/www.hig.eu\/wp-content\/uploads\/2022\/08\/HUBER-Keyvisuals_24.08-1.jpg","contentUrl":"https:\/\/www.hig.eu\/wp-content\/uploads\/2022\/08\/HUBER-Keyvisuals_24.08-1.jpg","width":2480,"height":1488},{"@type":"BreadcrumbList","@id":"https:\/\/www.hig.eu\/en\/signage-illuminated-advertising\/#breadcrumb","itemListElement":[{"@type":"ListItem","position":1,"name":"Startseite","item":"https:\/\/www.hig.eu\/en\/"},{"@type":"ListItem","position":2,"name":"Signage &amp; Illuminated Advertising"}]},{"@type":"WebSite","@id":"https:\/\/www.hig.eu\/en\/#website","url":"https:\/\/www.hig.eu\/en\/","name":"Huber Infomotion","description":"","potentialAction":[{"@type":"SearchAction","target":{"@type":"EntryPoint","urlTemplate":"https:\/\/www.hig.eu\/en\/?s={search_term_string}"},"query-input":{"@type":"PropertyValueSpecification","valueRequired":true,"valueName":"search_term_string"}}],"inLanguage":"en-US"}]}},"_links":{"self":[{"href":"https:\/\/www.hig.eu\/en\/wp-json\/wp\/v2\/pages\/5587","targetHints":{"allow":["GET"]}}],"collection":[{"href":"https:\/\/www.hig.eu\/en\/wp-json\/wp\/v2\/pages"}],"about":[{"href":"https:\/\/www.hig.eu\/en\/wp-json\/wp\/v2\/types\/page"}],"author":[{"embeddable":true,"href":"https:\/\/www.hig.eu\/en\/wp-json\/wp\/v2\/users\/31"}],"replies":[{"embeddable":true,"href":"https:\/\/www.hig.eu\/en\/wp-json\/wp\/v2\/comments?post=5587"}],"version-history":[{"count":6,"href":"https:\/\/www.hig.eu\/en\/wp-json\/wp\/v2\/pages\/5587\/revisions"}],"predecessor-version":[{"id":6067,"href":"https:\/\/www.hig.eu\/en\/wp-json\/wp\/v2\/pages\/5587\/revisions\/6067"}],"wp:featuredmedia":[{"embeddable":true,"href":"https:\/\/www.hig.eu\/en\/wp-json\/wp\/v2\/media\/3104"}],"wp:attachment":[{"href":"https:\/\/www.hig.eu\/en\/wp-json\/wp\/v2\/media?parent=5587"}],"curies":[{"name":"wp","href":"https:\/\/api.w.org\/{rel}","templated":true}]}}