{"id":5600,"date":"2022-07-27T13:39:09","date_gmt":"2022-07-27T13:39:09","guid":{"rendered":"https:\/\/www.hig.eu\/shop-concepts-fittings\/"},"modified":"2025-07-09T07:34:17","modified_gmt":"2025-07-09T07:34:17","slug":"shop-concepts-fittings","status":"publish","type":"page","link":"https:\/\/www.hig.eu\/en\/shop-concepts-fittings\/","title":{"rendered":"Shop Concepts &amp; Fittings"},"content":{"rendered":"\n\n\n\n\n\n\n\n\n\n\n\n\n\n\n\n\n\n\n\n\n\n\n\n\n\n\n\n\n\n\n\n\n            \n        \n                    <div class=\"ce ce-cols ce-cols--2\n         ce--mb-medium                          ce--sp-xsmall          ce--full\n             u-bgColor-lightgrey  \"\n                 id=\"block_95b7ba9d33e8fd7aafd0d2f6efa8e651\">\n                                <div class=\"container-fluid\">\n                    <div class=\"row\">\n    <div class=\"ce-text__text col-12 col-md-12 col-xl-12 mx-auto text-left\">\n        <div class=\"ce-textblock\" data-animation=\"true\" data-animation-duration=\"300\">\n            <div class=\"ce-textblock__text\">\n                                                <h3 class=\"\">Our product portfolio for your store: <\/ h3 >\n                            <\/div>\n        <\/div>\n    <\/div>\n<\/div>\n                    <div class=\"row\">\n                        <div class=\"col-12 col-lg-6 \">\n                            <!--HIER DIE SCHLEIFE MIT DEM CONTENT SPALTE 1-->\n                                                                                                                            \n\n\n\n\n\n\n\n\n\n\n\n\n\n\n\n\n\n\n\n\n\n\n\n\n\n\n\n\n\n\n                                            \n                    \n        \n        \n        \n    \n\n                    \n    \n                    \n            <div class=\"ce ce-text\n                                        \"\n             id=\"block_95b7ba9d33e8fd7aafd0d2f6efa8e651\">\n                                        <div class=\"row\">\n                    <div class=\"col-12 col-md-12 col-xl-12  text-left\">\n                        <div class=\"ce-textblock u-animated\" data-animation=\"true\" data-animation-duration=\"300\">\n    <div class=\"ce-textblock__text\">\n                        <ul>\n<li>Shop-in-shop concepts<\/li>\n<li>Shelf solutions<\/li>\n<li>Sales displays<\/li>\n<\/ul>\n\n    <\/div>\n<\/div>\n                    <\/div>\n                <\/div>\n                        <\/div>\n    \n                                                                    \n                        <\/div>\n                        <div class=\"col-12 col-lg-6 \">\n                            <!--HIER DIE SCHLEIFE MIT DEM CONTENT SPALTE 2-->\n                                                                                                                            \n\n\n\n\n\n\n\n\n\n\n\n\n\n\n\n\n\n\n\n\n\n\n\n\n\n\n\n\n\n\n                                            \n                    \n        \n        \n        \n    \n\n                    \n    \n                    \n            <div class=\"ce ce-text\n                                        \"\n             id=\"block_95b7ba9d33e8fd7aafd0d2f6efa8e651\">\n                                        <div class=\"row\">\n                    <div class=\"col-12 col-md-12 col-xl-12  text-left\">\n                        <div class=\"ce-textblock u-animated\" data-animation=\"true\" data-animation-duration=\"300\">\n    <div class=\"ce-textblock__text\">\n                        <ul>\n<li>Checkout desks<\/li>\n<li>Shopfitting<\/li>\n<li>Special display solutions<\/li>\n<\/ul>\n\n    <\/div>\n<\/div>\n                    <\/div>\n                <\/div>\n                        <\/div>\n    \n                                                                                            <\/div>\n                    <\/div>\n                <\/div>\n            <\/div>\n                        \n\n\n\n\n\n\n\n\n\n\n\n\n\n\n\n\n\n\n\n\n\n\n\n\n\n\n\n\n\n\n\n\n\n                    \n            <div class=\"ce ce-text\n         ce--mb-small                                 \"\n             id=\"block_e1a81e43a603c6adfcfbb18a19828d8d\">\n                                    <div class=\"container-fluid\">\n                                <div class=\"row\">\n                    <div class=\"col-12 col-md-12 col-xl-12 mx-auto text-left\">\n                        <div class=\"ce-textblock u-animated\" data-animation=\"true\" data-animation-duration=\"300\">\n    <div class=\"ce-textblock__text\">\n                            <h3 class=\"h4\"> Perfectly positioned for comprehensive support <\/h3>\n                <p>On request, we will offer you complete store solutions from a single source and provide you with comprehensive support throughout the entire process, up to the store launch and beyond \u2013 from consulting and planning to production, installation, and maintenance. Our international production network with our own manufacturing sites also guarantees you best cost effectiveness, quality and flexibility.<\/p>\n\n    <\/div>\n<\/div>\n                    <\/div>\n                <\/div>\n                            <\/div>\n                    <\/div>\n    \n        \n\n\n\n\n\n\n\n\n\n\n\n\n\n\n\n\n\n\n\n\n\n\n\n\n\n\n\n\n\n\n\n\n\n    \n    \n                        \n        <div class=\"ce ce-promotionteaser  ce--mb-standard  ce--full u-bgColor-lightgrey\" id=\"block_dd7f1db95291c89bca97e850f697aa51\">\n            <div class=\"container-fluid\">\n                <div class=\"row align-items-center\">\n                                        <div class=\"col-6 col-md-2 offset-lg-1\">\n                        <figure class=\"mb-md-0\" data-animation=\"true\" data-animation-duration=\"300\">\n                            <picture>\n                                <img data-src=\"https:\/\/www.hig.eu\/wp-content\/uploads\/2023\/06\/Store_Logo_kl-150x0-c-default.png\" alt=\"\" title=\"Store Logo Kl\" width=\"\" height=\"\" class=\"ce-promotionteaser__icon w-100 img-fluid\" loading=\"lazy\">\n                            <\/picture>\n                        <\/figure>\n                    <\/div>\n                                        <div class=\"col-12 col-md-6 col-lg-4\">\n                        <div class=\"ce-textblock\" data-animation=\"true\" data-animation-duration=\"300\">\n                            <div class=\"ce-textblock__text\">\n                                                                    <h5 class=\"ce-promotionteaser__text__item\">Together, we make the most out of every square meter. Contact us! <\/h5>\n                                                                                             <\/div>\n                        <\/div>\n                    <\/div>\n                                        <div class=\"col-12 col-md-4\">\n                        <div class=\"d-flex text-center h-100\">\n                            <a href=\"https:\/\/www.store-concept.at\/\" title=\"Go to Store Concept Website\" target=\"\" class=\"btn btn--primary m-0\">Go to Store Concept Website<\/a>\n                        <\/div>\n                    <\/div>\n                                    <\/div>\n            <\/div>\n        <\/div>\n\n\n    \n        ","protected":false},"excerpt":{"rendered":"","protected":false},"author":31,"featured_media":3098,"parent":0,"menu_order":0,"comment_status":"closed","ping_status":"closed","template":"","meta":{"_acf_changed":false,"ngg_post_thumbnail":0,"footnotes":""},"class_list":["post-5600","page","type-page","status-publish","has-post-thumbnail","hentry"],"acf":[],"yoast_head":"<!-- This site is optimized with the Yoast SEO plugin v25.8 - https:\/\/yoast.com\/wordpress\/plugins\/seo\/ -->\n<title>Shop Concepts &amp; Fittings - Huber Infomotion<\/title>\n<meta name=\"description\" content=\"Konzeption ganzer Shops und Gesch\u00e4ftsr\u00e4umlichkeiten in enger Kooperation mit unseren Experten in Abstimmung mit individuellen Bed\u00fcrfnissen\" \/>\n<meta name=\"robots\" content=\"index, follow, max-snippet:-1, max-image-preview:large, max-video-preview:-1\" \/>\n<link rel=\"canonical\" href=\"https:\/\/www.hig.eu\/en\/shop-concepts-fittings\/\" \/>\n<meta property=\"og:locale\" content=\"en_US\" \/>\n<meta property=\"og:type\" content=\"article\" \/>\n<meta property=\"og:title\" content=\"Shop Concepts &amp; Fittings - Huber Infomotion\" \/>\n<meta property=\"og:description\" content=\"Konzeption ganzer Shops und Gesch\u00e4ftsr\u00e4umlichkeiten in enger Kooperation mit unseren Experten in Abstimmung mit individuellen Bed\u00fcrfnissen\" \/>\n<meta property=\"og:url\" content=\"https:\/\/www.hig.eu\/en\/shop-concepts-fittings\/\" \/>\n<meta property=\"og:site_name\" content=\"Huber Infomotion\" \/>\n<meta property=\"article:modified_time\" content=\"2025-07-09T07:34:17+00:00\" \/>\n<meta property=\"og:image\" content=\"https:\/\/www.hig.eu\/wp-content\/uploads\/2022\/08\/HUBER-Keyvisuals_24.08-4-1024x614.jpg\" \/>\n\t<meta property=\"og:image:width\" content=\"1024\" \/>\n\t<meta property=\"og:image:height\" content=\"614\" \/>\n\t<meta property=\"og:image:type\" content=\"image\/jpeg\" \/>\n<meta name=\"twitter:card\" content=\"summary_large_image\" \/>\n<meta name=\"twitter:label1\" content=\"Est. reading time\" \/>\n\t<meta name=\"twitter:data1\" content=\"2 minutes\" \/>\n<script type=\"application\/ld+json\" class=\"yoast-schema-graph\">{\"@context\":\"https:\/\/schema.org\",\"@graph\":[{\"@type\":\"WebPage\",\"@id\":\"https:\/\/www.hig.eu\/en\/shop-concepts-fittings\/\",\"url\":\"https:\/\/www.hig.eu\/en\/shop-concepts-fittings\/\",\"name\":\"Shop Concepts &amp; Fittings - Huber Infomotion\",\"isPartOf\":{\"@id\":\"https:\/\/www.hig.eu\/en\/#website\"},\"primaryImageOfPage\":{\"@id\":\"https:\/\/www.hig.eu\/en\/shop-concepts-fittings\/#primaryimage\"},\"image\":{\"@id\":\"https:\/\/www.hig.eu\/en\/shop-concepts-fittings\/#primaryimage\"},\"thumbnailUrl\":\"https:\/\/www.hig.eu\/wp-content\/uploads\/2022\/08\/HUBER-Keyvisuals_24.08-4.jpg\",\"datePublished\":\"2022-07-27T13:39:09+00:00\",\"dateModified\":\"2025-07-09T07:34:17+00:00\",\"description\":\"Konzeption ganzer Shops und Gesch\u00e4ftsr\u00e4umlichkeiten in enger Kooperation mit unseren Experten in Abstimmung mit individuellen Bed\u00fcrfnissen\",\"breadcrumb\":{\"@id\":\"https:\/\/www.hig.eu\/en\/shop-concepts-fittings\/#breadcrumb\"},\"inLanguage\":\"en-US\",\"potentialAction\":[{\"@type\":\"ReadAction\",\"target\":[\"https:\/\/www.hig.eu\/en\/shop-concepts-fittings\/\"]}]},{\"@type\":\"ImageObject\",\"inLanguage\":\"en-US\",\"@id\":\"https:\/\/www.hig.eu\/en\/shop-concepts-fittings\/#primaryimage\",\"url\":\"https:\/\/www.hig.eu\/wp-content\/uploads\/2022\/08\/HUBER-Keyvisuals_24.08-4.jpg\",\"contentUrl\":\"https:\/\/www.hig.eu\/wp-content\/uploads\/2022\/08\/HUBER-Keyvisuals_24.08-4.jpg\",\"width\":2480,\"height\":1488},{\"@type\":\"BreadcrumbList\",\"@id\":\"https:\/\/www.hig.eu\/en\/shop-concepts-fittings\/#breadcrumb\",\"itemListElement\":[{\"@type\":\"ListItem\",\"position\":1,\"name\":\"Startseite\",\"item\":\"https:\/\/www.hig.eu\/en\/\"},{\"@type\":\"ListItem\",\"position\":2,\"name\":\"Shop Concepts &amp; Fittings\"}]},{\"@type\":\"WebSite\",\"@id\":\"https:\/\/www.hig.eu\/en\/#website\",\"url\":\"https:\/\/www.hig.eu\/en\/\",\"name\":\"Huber Infomotion\",\"description\":\"\",\"potentialAction\":[{\"@type\":\"SearchAction\",\"target\":{\"@type\":\"EntryPoint\",\"urlTemplate\":\"https:\/\/www.hig.eu\/en\/?s={search_term_string}\"},\"query-input\":{\"@type\":\"PropertyValueSpecification\",\"valueRequired\":true,\"valueName\":\"search_term_string\"}}],\"inLanguage\":\"en-US\"}]}<\/script>\n<!-- \/ Yoast SEO plugin. -->","yoast_head_json":{"title":"Shop Concepts &amp; Fittings - Huber Infomotion","description":"Konzeption ganzer Shops und Gesch\u00e4ftsr\u00e4umlichkeiten in enger Kooperation mit unseren Experten in Abstimmung mit individuellen Bed\u00fcrfnissen","robots":{"index":"index","follow":"follow","max-snippet":"max-snippet:-1","max-image-preview":"max-image-preview:large","max-video-preview":"max-video-preview:-1"},"canonical":"https:\/\/www.hig.eu\/en\/shop-concepts-fittings\/","og_locale":"en_US","og_type":"article","og_title":"Shop Concepts &amp; Fittings - Huber Infomotion","og_description":"Konzeption ganzer Shops und Gesch\u00e4ftsr\u00e4umlichkeiten in enger Kooperation mit unseren Experten in Abstimmung mit individuellen Bed\u00fcrfnissen","og_url":"https:\/\/www.hig.eu\/en\/shop-concepts-fittings\/","og_site_name":"Huber Infomotion","article_modified_time":"2025-07-09T07:34:17+00:00","og_image":[{"width":1024,"height":614,"url":"https:\/\/www.hig.eu\/wp-content\/uploads\/2022\/08\/HUBER-Keyvisuals_24.08-4-1024x614.jpg","type":"image\/jpeg"}],"twitter_card":"summary_large_image","twitter_misc":{"Est. reading time":"2 minutes"},"schema":{"@context":"https:\/\/schema.org","@graph":[{"@type":"WebPage","@id":"https:\/\/www.hig.eu\/en\/shop-concepts-fittings\/","url":"https:\/\/www.hig.eu\/en\/shop-concepts-fittings\/","name":"Shop Concepts &amp; Fittings - Huber Infomotion","isPartOf":{"@id":"https:\/\/www.hig.eu\/en\/#website"},"primaryImageOfPage":{"@id":"https:\/\/www.hig.eu\/en\/shop-concepts-fittings\/#primaryimage"},"image":{"@id":"https:\/\/www.hig.eu\/en\/shop-concepts-fittings\/#primaryimage"},"thumbnailUrl":"https:\/\/www.hig.eu\/wp-content\/uploads\/2022\/08\/HUBER-Keyvisuals_24.08-4.jpg","datePublished":"2022-07-27T13:39:09+00:00","dateModified":"2025-07-09T07:34:17+00:00","description":"Konzeption ganzer Shops und Gesch\u00e4ftsr\u00e4umlichkeiten in enger Kooperation mit unseren Experten in Abstimmung mit individuellen Bed\u00fcrfnissen","breadcrumb":{"@id":"https:\/\/www.hig.eu\/en\/shop-concepts-fittings\/#breadcrumb"},"inLanguage":"en-US","potentialAction":[{"@type":"ReadAction","target":["https:\/\/www.hig.eu\/en\/shop-concepts-fittings\/"]}]},{"@type":"ImageObject","inLanguage":"en-US","@id":"https:\/\/www.hig.eu\/en\/shop-concepts-fittings\/#primaryimage","url":"https:\/\/www.hig.eu\/wp-content\/uploads\/2022\/08\/HUBER-Keyvisuals_24.08-4.jpg","contentUrl":"https:\/\/www.hig.eu\/wp-content\/uploads\/2022\/08\/HUBER-Keyvisuals_24.08-4.jpg","width":2480,"height":1488},{"@type":"BreadcrumbList","@id":"https:\/\/www.hig.eu\/en\/shop-concepts-fittings\/#breadcrumb","itemListElement":[{"@type":"ListItem","position":1,"name":"Startseite","item":"https:\/\/www.hig.eu\/en\/"},{"@type":"ListItem","position":2,"name":"Shop Concepts &amp; Fittings"}]},{"@type":"WebSite","@id":"https:\/\/www.hig.eu\/en\/#website","url":"https:\/\/www.hig.eu\/en\/","name":"Huber Infomotion","description":"","potentialAction":[{"@type":"SearchAction","target":{"@type":"EntryPoint","urlTemplate":"https:\/\/www.hig.eu\/en\/?s={search_term_string}"},"query-input":{"@type":"PropertyValueSpecification","valueRequired":true,"valueName":"search_term_string"}}],"inLanguage":"en-US"}]}},"_links":{"self":[{"href":"https:\/\/www.hig.eu\/en\/wp-json\/wp\/v2\/pages\/5600","targetHints":{"allow":["GET"]}}],"collection":[{"href":"https:\/\/www.hig.eu\/en\/wp-json\/wp\/v2\/pages"}],"about":[{"href":"https:\/\/www.hig.eu\/en\/wp-json\/wp\/v2\/types\/page"}],"author":[{"embeddable":true,"href":"https:\/\/www.hig.eu\/en\/wp-json\/wp\/v2\/users\/31"}],"replies":[{"embeddable":true,"href":"https:\/\/www.hig.eu\/en\/wp-json\/wp\/v2\/comments?post=5600"}],"version-history":[{"count":9,"href":"https:\/\/www.hig.eu\/en\/wp-json\/wp\/v2\/pages\/5600\/revisions"}],"predecessor-version":[{"id":6069,"href":"https:\/\/www.hig.eu\/en\/wp-json\/wp\/v2\/pages\/5600\/revisions\/6069"}],"wp:featuredmedia":[{"embeddable":true,"href":"https:\/\/www.hig.eu\/en\/wp-json\/wp\/v2\/media\/3098"}],"wp:attachment":[{"href":"https:\/\/www.hig.eu\/en\/wp-json\/wp\/v2\/media?parent=5600"}],"curies":[{"name":"wp","href":"https:\/\/api.w.org\/{rel}","templated":true}]}}